{"id":4146,"date":"2024-04-05T15:27:01","date_gmt":"2024-04-05T12:27:01","guid":{"rendered":"https:\/\/www.teraslvi.fi\/wp\/product\/massakiekko-scm-178mm-tarra-ruskea-hieno-a-180\/"},"modified":"2024-04-08T18:59:37","modified_gmt":"2024-04-08T15:59:37","slug":"massakiekko-scm-178mm-tarra-ruskea-hieno-a-180","status":"publish","type":"product","link":"https:\/\/www.teraslvi.fi\/wp\/product\/massakiekko-scm-178mm-tarra-ruskea-hieno-a-180\/","title":{"rendered":"HIOMANAILONKIEKKO SCM 178mm TARRA RUSKEA \/HIENO A-180"},"content":{"rendered":"<p>Tekninen l\u00e4mp\u00f6puristettu hiomanailon. Satinointi, oksidikerrosten poisto, leikkauspurseen poisto, puhdistus, hienoon hiontaan, pienien naarmujen poisto metallipinnoilla. H\u00e4ivytt\u00e4\u00e4 hiontaj\u00e4lki\u00e4. Ainutlaatuinen yhdistelm\u00e4 aineenpoistoa ja viimeistely\u00e4. Haluttu lopputulos on mahdollista saavuttaa jopa yhdell\u00e4 karkeudella. K\u00e4ytt\u00f6kohteet: <strong>Ruostumaton ter\u00e4s, ter\u00e4s, alumiini, valumetallit, titaani, kovametallit, kovamuovit, lasikuitu, messinki, kupari ja muut ei-rautametallit, sek\u00e4 kuiva puu.<\/strong><\/p>\n<p><strong>Halkaisija 178mm<\/strong>. <strong>Karkeus 180, hieno, j\u00e4ykk\u00e4 rakenne.<\/strong> Hioma-aine: alumiinioksidi. V\u00e4ri ruskea. Tarrakiinnitys (rep\u00e4isytarra). Kiinnityspinta valkoinen tekstiili. K\u00e4ytet\u00e4\u00e4n samankokoisen tarra-alustan kanssa. Valmistaja, valmistusmaa: J\u00f6st GmbH, Saksa.<\/p>\n<p>Hinta kpl. Pakkauskoko 10 kpl. Pienin myyntim\u00e4\u00e4r\u00e4 10 kpl (1 pakkaus).<\/p>\n","protected":false},"excerpt":{"rendered":"<p>Tekninen l\u00e4mp\u00f6puristettu hiomanailon. Satinointi, oksidikerrosten poisto, leikkauspurseen poisto, puhdistus, hienoon hiontaan, pienien naarmujen poisto metallipinnoilla. H\u00e4ivytt\u00e4\u00e4 hiontaj\u00e4lki\u00e4. Ainutlaatuinen yhdistelm\u00e4 aineenpoistoa ja viimeistely\u00e4. Haluttu lopputulos on mahdollista saavuttaa jopa yhdell\u00e4 karkeudella. K\u00e4ytt\u00f6kohteet: Ruostumaton ter\u00e4s, ter\u00e4s, alumiini, valumetallit, titaani, kovametallit, kovamuovit, lasikuitu, messinki, kupari ja muut ei-rautametallit, sek\u00e4 kuiva puu. Halkaisija 178mm. Karkeus 180, hieno, j\u00e4ykk\u00e4 rakenne. &hellip;<\/p>\n","protected":false},"featured_media":4217,"template":"","meta":[],"product_cat":[109,142],"product_tag":[],"jetpack_sharing_enabled":true,"_links":{"self":[{"href":"https:\/\/www.teraslvi.fi\/wp\/wp-json\/wp\/v2\/product\/4146"}],"collection":[{"href":"https:\/\/www.teraslvi.fi\/wp\/wp-json\/wp\/v2\/product"}],"about":[{"href":"https:\/\/www.teraslvi.fi\/wp\/wp-json\/wp\/v2\/types\/product"}],"wp:featuredmedia":[{"embeddable":true,"href":"https:\/\/www.teraslvi.fi\/wp\/wp-json\/wp\/v2\/media\/4217"}],"wp:attachment":[{"href":"https:\/\/www.teraslvi.fi\/wp\/wp-json\/wp\/v2\/media?parent=4146"}],"wp:term":[{"taxonomy":"product_cat","embeddable":true,"href":"https:\/\/www.teraslvi.fi\/wp\/wp-json\/wp\/v2\/product_cat?post=4146"},{"taxonomy":"product_tag","embeddable":true,"href":"https:\/\/www.teraslvi.fi\/wp\/wp-json\/wp\/v2\/product_tag?post=4146"}],"curies":[{"name":"wp","href":"https:\/\/api.w.org\/{rel}","templated":true}]}}