{"id":4134,"date":"2024-04-05T15:26:55","date_gmt":"2024-04-05T12:26:55","guid":{"rendered":"https:\/\/www.teraslvi.fi\/wp\/product\/massakiekko-scm-150mm-kesikarkea-k180-fix\/"},"modified":"2024-04-08T20:51:21","modified_gmt":"2024-04-08T17:51:21","slug":"massakiekko-scm-150mm-kesikarkea-k180-fix","status":"publish","type":"product","link":"https:\/\/www.teraslvi.fi\/wp\/product\/massakiekko-scm-150mm-kesikarkea-k180-fix\/","title":{"rendered":"HIOMANAILONKIEKKO SCM 150mm KESIKARKEA (K180) FIX"},"content":{"rendered":"<p>Tekninen l\u00e4mp\u00f6puristettu hiomanailon. Ainutlaatuinen yhdistelm\u00e4 aineenpoistoa ja viimeistely\u00e4. Satinointi, oksidikerrosten poisto, leikkauspurseen poisto, puhdistus, hienoon hiontaan, pienien naarmujen poisto metallipinnoilla. H\u00e4ivytt\u00e4\u00e4 hiontaj\u00e4lki\u00e4. Haluttu lopputulos on mahdollista saavuttaa jopa yhdell\u00e4 ty\u00f6vaiheella. K\u00e4ytt\u00f6kohteet: <strong>Ruostumaton ter\u00e4s, ter\u00e4s, alumiini, valumetallit, titaani, kovametallit, kovamuovit, lasikuitu, messinki, kupari ja muut ei-rautametallit, sek\u00e4 kuiva puu hienoilla karkeuksilla.<\/strong><\/p>\n<p>Halkaisija 150mm. <strong>Karkeus 180, keskikarkea<\/strong>. <strong>V\u00e4ri: punainen<\/strong>. Tarrakiinnitys (rep\u00e4isytarra, velcro, hook and loop). K\u00e4ytet\u00e4\u00e4n yhteensopivan FIX tarra-alustan ja paksun joustavan sovitepohjan kanssa (paksu sovitepohja on suositus). Optimaalinen kierrosnopeus 3.000-5.000 RPM. Kierrosnopeus enint\u00e4\u00e4n 8.000 RPM. Valmistaja, valmistusmaa: Gerd Eisenbl\u00e4tter GmbH, Saksa<\/p>\n<p>Hinta kpl. Pienin myyntim\u00e4\u00e4r\u00e4 10 kpl.<\/p>\n","protected":false},"excerpt":{"rendered":"<p>Tekninen l\u00e4mp\u00f6puristettu hiomanailon. Ainutlaatuinen yhdistelm\u00e4 aineenpoistoa ja viimeistely\u00e4. Satinointi, oksidikerrosten poisto, leikkauspurseen poisto, puhdistus, hienoon hiontaan, pienien naarmujen poisto metallipinnoilla. H\u00e4ivytt\u00e4\u00e4 hiontaj\u00e4lki\u00e4. Haluttu lopputulos on mahdollista saavuttaa jopa yhdell\u00e4 ty\u00f6vaiheella. K\u00e4ytt\u00f6kohteet: Ruostumaton ter\u00e4s, ter\u00e4s, alumiini, valumetallit, titaani, kovametallit, kovamuovit, lasikuitu, messinki, kupari ja muut ei-rautametallit, sek\u00e4 kuiva puu hienoilla karkeuksilla. Halkaisija 150mm. Karkeus 180, keskikarkea. &hellip;<\/p>\n","protected":false},"featured_media":4192,"template":"","meta":[],"product_cat":[109,136],"product_tag":[],"jetpack_sharing_enabled":true,"_links":{"self":[{"href":"https:\/\/www.teraslvi.fi\/wp\/wp-json\/wp\/v2\/product\/4134"}],"collection":[{"href":"https:\/\/www.teraslvi.fi\/wp\/wp-json\/wp\/v2\/product"}],"about":[{"href":"https:\/\/www.teraslvi.fi\/wp\/wp-json\/wp\/v2\/types\/product"}],"wp:featuredmedia":[{"embeddable":true,"href":"https:\/\/www.teraslvi.fi\/wp\/wp-json\/wp\/v2\/media\/4192"}],"wp:attachment":[{"href":"https:\/\/www.teraslvi.fi\/wp\/wp-json\/wp\/v2\/media?parent=4134"}],"wp:term":[{"taxonomy":"product_cat","embeddable":true,"href":"https:\/\/www.teraslvi.fi\/wp\/wp-json\/wp\/v2\/product_cat?post=4134"},{"taxonomy":"product_tag","embeddable":true,"href":"https:\/\/www.teraslvi.fi\/wp\/wp-json\/wp\/v2\/product_tag?post=4134"}],"curies":[{"name":"wp","href":"https:\/\/api.w.org\/{rel}","templated":true}]}}