{"id":3952,"date":"2024-03-17T15:43:25","date_gmt":"2024-03-17T13:43:25","guid":{"rendered":"https:\/\/www.teraslvi.fi\/wp\/product\/paatyharja-kierretty-lanka-29x30x6-teras-050\/"},"modified":"2024-03-17T18:37:37","modified_gmt":"2024-03-17T16:37:37","slug":"paatyharja-kierretty-lanka-29x30x6-teras-050","status":"publish","type":"product","link":"https:\/\/www.teraslvi.fi\/wp\/product\/paatyharja-kierretty-lanka-29x30x6-teras-050\/","title":{"rendered":"P\u00c4\u00c4TYHARJA KIERRETTY LANKA 29x28x6mm TER\u00c4SLANKA 0,50"},"content":{"rendered":"<p>Halkaisija 29mm (D1\/D2). Harjaksen korkeus 28mm (H). Kokonaispituus 72mm (GL). Kara 6mm (SD). STH Ter\u00e4slanka, korkea vetolujuus ja korkea rasituksen kesto. Langan vahvuus 0,50mm. Palmikoitu \/ kierretty rakenne. Nippujen lukum\u00e4\u00e4r\u00e4: 12 (Z). Kierrosnopeus enint\u00e4\u00e4n 20.000 RPM. Valmistaja, valmistusmaa: Lessmann GmbH, Saksa<\/p>\n<p>Hinta kpl. Myyd\u00e4\u00e4n kappaleittain. Paketissa 10 kpl.<\/p>\n","protected":false},"excerpt":{"rendered":"<p>Halkaisija 29mm (D1\/D2). Harjaksen korkeus 28mm (H). Kokonaispituus 72mm (GL). Kara 6mm (SD). STH Ter\u00e4slanka, korkea vetolujuus ja korkea rasituksen kesto. Langan vahvuus 0,50mm. Palmikoitu \/ kierretty rakenne. Nippujen lukum\u00e4\u00e4r\u00e4: 12 (Z). Kierrosnopeus enint\u00e4\u00e4n 20.000 RPM. Valmistaja, valmistusmaa: Lessmann GmbH, Saksa Hinta kpl. Myyd\u00e4\u00e4n kappaleittain. Paketissa 10 kpl.<\/p>\n","protected":false},"featured_media":0,"template":"","meta":[],"product_cat":[40,133,132],"product_tag":[],"jetpack_sharing_enabled":true,"_links":{"self":[{"href":"https:\/\/www.teraslvi.fi\/wp\/wp-json\/wp\/v2\/product\/3952"}],"collection":[{"href":"https:\/\/www.teraslvi.fi\/wp\/wp-json\/wp\/v2\/product"}],"about":[{"href":"https:\/\/www.teraslvi.fi\/wp\/wp-json\/wp\/v2\/types\/product"}],"wp:attachment":[{"href":"https:\/\/www.teraslvi.fi\/wp\/wp-json\/wp\/v2\/media?parent=3952"}],"wp:term":[{"taxonomy":"product_cat","embeddable":true,"href":"https:\/\/www.teraslvi.fi\/wp\/wp-json\/wp\/v2\/product_cat?post=3952"},{"taxonomy":"product_tag","embeddable":true,"href":"https:\/\/www.teraslvi.fi\/wp\/wp-json\/wp\/v2\/product_tag?post=3952"}],"curies":[{"name":"wp","href":"https:\/\/api.w.org\/{rel}","templated":true}]}}