{"id":3949,"date":"2024-03-17T15:43:22","date_gmt":"2024-03-17T13:43:22","guid":{"rendered":"https:\/\/www.teraslvi.fi\/wp\/product\/paatyharja-kierretty-lanka-19x30x6-teras-035\/"},"modified":"2024-03-27T18:03:29","modified_gmt":"2024-03-27T16:03:29","slug":"paatyharja-kierretty-lanka-19x30x6-teras-035","status":"publish","type":"product","link":"https:\/\/www.teraslvi.fi\/wp\/product\/paatyharja-kierretty-lanka-19x30x6-teras-035\/","title":{"rendered":"P\u00c4\u00c4TYHARJA KIERRETTY LANKA 19x28x6mm TER\u00c4SLANKA 0,35"},"content":{"rendered":"<p>Halkaisija 19mm (D1\/D2). Harjaksen korkeus 28mm (H). Kokonaispituus 72mm (GL). Kara 6mm (SD). STH Ter\u00e4slanka, korkea vetolujuus ja korkea rasituksen kesto. Langan vahvuus 0,35mm. Palmikoitu \/ kierretty rakenne. Nippujen lukum\u00e4\u00e4r\u00e4: 6 (Z). <strong>Harja avautuu k\u00e4yt\u00f6n aikana: halkaisija suhteessa kierrosnopeuteen oheisen kaavion mukaisesti.<\/strong> Kierrosnopeus enint\u00e4\u00e4n 20.000 RPM. Valmistaja, valmistusmaa: Lessmann GmbH, Saksa<\/p>\n<p>Hinta kpl. Myyd\u00e4\u00e4n kappaleittain. Paketissa 10 kpl.<\/p>\n<p>&nbsp;<\/p>\n<p>&nbsp;<\/p>\n","protected":false},"excerpt":{"rendered":"<p>Halkaisija 19mm (D1\/D2). Harjaksen korkeus 28mm (H). Kokonaispituus 72mm (GL). Kara 6mm (SD). STH Ter\u00e4slanka, korkea vetolujuus ja korkea rasituksen kesto. Langan vahvuus 0,35mm. Palmikoitu \/ kierretty rakenne. Nippujen lukum\u00e4\u00e4r\u00e4: 6 (Z). Harja avautuu k\u00e4yt\u00f6n aikana: halkaisija suhteessa kierrosnopeuteen oheisen kaavion mukaisesti. Kierrosnopeus enint\u00e4\u00e4n 20.000 RPM. Valmistaja, valmistusmaa: Lessmann GmbH, Saksa Hinta kpl. Myyd\u00e4\u00e4n kappaleittain. &hellip;<\/p>\n","protected":false},"featured_media":4057,"template":"","meta":[],"product_cat":[40,133,132],"product_tag":[],"jetpack_sharing_enabled":true,"_links":{"self":[{"href":"https:\/\/www.teraslvi.fi\/wp\/wp-json\/wp\/v2\/product\/3949"}],"collection":[{"href":"https:\/\/www.teraslvi.fi\/wp\/wp-json\/wp\/v2\/product"}],"about":[{"href":"https:\/\/www.teraslvi.fi\/wp\/wp-json\/wp\/v2\/types\/product"}],"wp:featuredmedia":[{"embeddable":true,"href":"https:\/\/www.teraslvi.fi\/wp\/wp-json\/wp\/v2\/media\/4057"}],"wp:attachment":[{"href":"https:\/\/www.teraslvi.fi\/wp\/wp-json\/wp\/v2\/media?parent=3949"}],"wp:term":[{"taxonomy":"product_cat","embeddable":true,"href":"https:\/\/www.teraslvi.fi\/wp\/wp-json\/wp\/v2\/product_cat?post=3949"},{"taxonomy":"product_tag","embeddable":true,"href":"https:\/\/www.teraslvi.fi\/wp\/wp-json\/wp\/v2\/product_tag?post=3949"}],"curies":[{"name":"wp","href":"https:\/\/api.w.org\/{rel}","templated":true}]}}