{"id":3931,"date":"2024-03-17T15:43:13","date_gmt":"2024-03-17T13:43:13","guid":{"rendered":"https:\/\/www.teraslvi.fi\/wp\/product\/paatyharja-23-x-6-teras-030\/"},"modified":"2024-03-28T17:36:33","modified_gmt":"2024-03-28T15:36:33","slug":"paatyharja-23-x-6-teras-030","status":"publish","type":"product","link":"https:\/\/www.teraslvi.fi\/wp\/product\/paatyharja-23-x-6-teras-030\/","title":{"rendered":"P\u00c4\u00c4TYHARJA 23 X 6 TER\u00c4SLANKA 0,30"},"content":{"rendered":"<p>Halkaisija noin 23m (D). Harjaksen korkeus 25mm (A). Kara 6mm (d). Kokonaispituus 68mm (GL). Harjaksen muoto: Tasa. Aallotettu ter\u00e4slanka, vahvuus 0,30mm. K\u00e4ytt\u00f6kohteet esimerkiksi ter\u00e4spintojen puhdistus, maalinpoisto ja leikkauspurseen poisto. Sopii erityisesti ty\u00f6skentelyyn kulmissa, muotoreunoille ja vaikeasti p\u00e4\u00e4st\u00e4v\u00e4t kohteet. Kierrosnopeus enint\u00e4\u00e4n 18.000 RPM. Mangaanilla seostettu ter\u00e4s lis\u00e4\u00e4 langan vetolujuutta ja kulutuskestoa. Valmistaja, valmistusmaa: Lessmann GmbH, Saksa.<\/p>\n<p>Hinta kpl. Pakkaus 10 kpl. Pienin myyntim\u00e4\u00e4r\u00e4 10 kpl (1 pakkaus).<\/p>\n","protected":false},"excerpt":{"rendered":"<p>Halkaisija noin 23m (D). Harjaksen korkeus 25mm (A). Kara 6mm (d). Kokonaispituus 68mm (GL). Harjaksen muoto: Tasa. Aallotettu ter\u00e4slanka, vahvuus 0,30mm. K\u00e4ytt\u00f6kohteet esimerkiksi ter\u00e4spintojen puhdistus, maalinpoisto ja leikkauspurseen poisto. Sopii erityisesti ty\u00f6skentelyyn kulmissa, muotoreunoille ja vaikeasti p\u00e4\u00e4st\u00e4v\u00e4t kohteet. Kierrosnopeus enint\u00e4\u00e4n 18.000 RPM. Mangaanilla seostettu ter\u00e4s lis\u00e4\u00e4 langan vetolujuutta ja kulutuskestoa. Valmistaja, valmistusmaa: Lessmann GmbH, Saksa. &hellip;<\/p>\n","protected":false},"featured_media":4065,"template":"","meta":[],"product_cat":[40,133,128],"product_tag":[],"jetpack_sharing_enabled":true,"_links":{"self":[{"href":"https:\/\/www.teraslvi.fi\/wp\/wp-json\/wp\/v2\/product\/3931"}],"collection":[{"href":"https:\/\/www.teraslvi.fi\/wp\/wp-json\/wp\/v2\/product"}],"about":[{"href":"https:\/\/www.teraslvi.fi\/wp\/wp-json\/wp\/v2\/types\/product"}],"wp:featuredmedia":[{"embeddable":true,"href":"https:\/\/www.teraslvi.fi\/wp\/wp-json\/wp\/v2\/media\/4065"}],"wp:attachment":[{"href":"https:\/\/www.teraslvi.fi\/wp\/wp-json\/wp\/v2\/media?parent=3931"}],"wp:term":[{"taxonomy":"product_cat","embeddable":true,"href":"https:\/\/www.teraslvi.fi\/wp\/wp-json\/wp\/v2\/product_cat?post=3931"},{"taxonomy":"product_tag","embeddable":true,"href":"https:\/\/www.teraslvi.fi\/wp\/wp-json\/wp\/v2\/product_tag?post=3931"}],"curies":[{"name":"wp","href":"https:\/\/api.w.org\/{rel}","templated":true}]}}