{"id":2905,"date":"2024-02-01T17:01:16","date_gmt":"2024-02-01T15:01:16","guid":{"rendered":"https:\/\/www.teraslvi.fi\/wp\/product\/13mm-putkikasiharja-messinkilanka-015mm-pituus-300mm\/"},"modified":"2024-02-25T16:53:35","modified_gmt":"2024-02-25T14:53:35","slug":"13mm-putkikasiharja-messinkilanka-015mm-pituus-300mm","status":"publish","type":"product","link":"https:\/\/www.teraslvi.fi\/wp\/product\/13mm-putkikasiharja-messinkilanka-015mm-pituus-300mm\/","title":{"rendered":"13mm PUTKIK\u00c4SIHARJA, MESSINKILANKA 0,15mm, PITUUS 300mm"},"content":{"rendered":"<p>Halkaisija 13mm. Kokonaispituus 300mm. Harjaosan pituus 100mm. Pehme\u00e4mpi kuin ter\u00e4slanka. K\u00e4ytet\u00e4\u00e4n yleens\u00e4 ei-rautametaleille, kuten kupari ja messinki. Lankamateriaali kuparin ja sinkin seos (CuZn36 \/ CuZn37). Langan vahvuus 0,15mm. Sopii k\u00e4ytet\u00e4v\u00e4ksi mietojen valkaisuaineiden kanssa. L\u00e4mm\u00f6nkesto noin +180\u00baC.<\/p>\n<p>Tuotekuvassa koko 20mm.<\/p>\n","protected":false},"excerpt":{"rendered":"<p>Halkaisija 13mm. Kokonaispituus 300mm. Harjaosan pituus 100mm. Pehme\u00e4mpi kuin ter\u00e4slanka. K\u00e4ytet\u00e4\u00e4n yleens\u00e4 ei-rautametaleille, kuten kupari ja messinki. Lankamateriaali kuparin ja sinkin seos (CuZn36 \/ CuZn37). Langan vahvuus 0,15mm. Sopii k\u00e4ytet\u00e4v\u00e4ksi mietojen valkaisuaineiden kanssa. L\u00e4mm\u00f6nkesto noin +180\u00baC. Tuotekuvassa koko 20mm.<\/p>\n","protected":false},"featured_media":3020,"template":"","meta":[],"product_cat":[40,91,95],"product_tag":[],"jetpack_sharing_enabled":true,"_links":{"self":[{"href":"https:\/\/www.teraslvi.fi\/wp\/wp-json\/wp\/v2\/product\/2905"}],"collection":[{"href":"https:\/\/www.teraslvi.fi\/wp\/wp-json\/wp\/v2\/product"}],"about":[{"href":"https:\/\/www.teraslvi.fi\/wp\/wp-json\/wp\/v2\/types\/product"}],"wp:featuredmedia":[{"embeddable":true,"href":"https:\/\/www.teraslvi.fi\/wp\/wp-json\/wp\/v2\/media\/3020"}],"wp:attachment":[{"href":"https:\/\/www.teraslvi.fi\/wp\/wp-json\/wp\/v2\/media?parent=2905"}],"wp:term":[{"taxonomy":"product_cat","embeddable":true,"href":"https:\/\/www.teraslvi.fi\/wp\/wp-json\/wp\/v2\/product_cat?post=2905"},{"taxonomy":"product_tag","embeddable":true,"href":"https:\/\/www.teraslvi.fi\/wp\/wp-json\/wp\/v2\/product_tag?post=2905"}],"curies":[{"name":"wp","href":"https:\/\/api.w.org\/{rel}","templated":true}]}}