{"id":2700,"date":"2023-02-07T18:29:17","date_gmt":"2023-02-07T16:29:17","guid":{"rendered":"https:\/\/www.teraslvi.fi\/wp\/product\/putkiharja-polyamidi-28mm-ulkokierre-w1-2\/"},"modified":"2024-02-25T13:43:17","modified_gmt":"2024-02-25T11:43:17","slug":"putkiharja-polyamidi-28mm-ulkokierre-w1-2","status":"publish","type":"product","link":"https:\/\/www.teraslvi.fi\/wp\/product\/putkiharja-polyamidi-28mm-ulkokierre-w1-2\/","title":{"rendered":"PUTKIHARJA POLYAMIDI 28mm, ULKOKIERRE W1\/2&#8243; **"},"content":{"rendered":"<p><span style=\"color: #000000;\">Halkaisija 28mm. Kokonaispituus 150mm. Harjaosan pituus 100mm. Kiinnitys: ulkokierre W 1\/2&#8243;.<strong> Polyamidilanka (PA): <\/strong>Huolimatta alhaisesta l\u00e4mm\u00f6nkestosta, polyamidiharjat sopii erinomaisesti kaikkien metallien kevyt puhdistukseen. Pehme\u00e4 joustava harjas ei naarmuta putken sis\u00e4pintaa. Sopii my\u00f6s muoville ja puulle. Materiaali PA 6, PA 6.6, PA 6.12.<\/span><\/p>\n<p><strong>Yhteensopivat varret ja lis\u00e4varusteet:<\/strong><\/p>\n<p><a href=\"https:\/\/www.teraslvi.fi\/wp\/product\/putkiharjan-varsi-1000mm-sisakierre-w1-2-ja-kahva\/\">Putkiharjan joustava varsi 1000mm W1\/2&#8243; sis\u00e4kierteell\u00e4 ja lenkkikahvalla<\/a><\/p>\n<p><a href=\"https:\/\/www.teraslvi.fi\/wp\/product\/putkiharjan-varsi-1000mm-jatkovarsi-ulkokierre-w1-2-sisakierre-w1-2\/\">Putkiharjan joustava jatkovarsi 1000mm W1\/2&#8243; sis\u00e4 ja W1\/2&#8243; ulkokierteell\u00e4 <\/a><\/p>\n<p><a href=\"https:\/\/www.teraslvi.fi\/wp\/product\/putkiharjan-varsi-1000mm-m10-ulkokierre-kahvalla\/\">Putkiharjan py\u00f6r\u00f6varsi 1000mm, taipumaton, M10 ulkokierteell\u00e4 ja kahvalla.<\/a> Tarvitsee <a href=\"https:\/\/www.teraslvi.fi\/wp\/product\/putkiharjan-adapteri-m10-sisakierre-w1-2-sisakierre\/\">M10-W1\/2&#8243; adapterin<\/a>.<\/p>\n<p><a href=\"https:\/\/www.teraslvi.fi\/wp\/product\/putkiharjan-varsi-400mm-m10-ulkokierre-kahvalla\/\">Putkiharjan py\u00f6r\u00f6varsi 400mm, taipumaton, M10 ulkokierteell\u00e4 ja kahvalla.<\/a> Tarvitsee <a href=\"https:\/\/www.teraslvi.fi\/wp\/product\/putkiharjan-adapteri-m10-sisakierre-w1-2-sisakierre\/\">M10-W1\/2&#8243; adapterin<\/a>.<\/p>\n<p><a href=\"https:\/\/www.teraslvi.fi\/wp\/product\/putkiharjan-adapteri-w1-2-sisakierre-6mm-kara\/\">Putkiharjan adapteri; sis\u00e4kierre W 1\/2&#8243; &#8211; 6mm kiinnityskara<\/a><\/p>\n<p><a href=\"https:\/\/www.teraslvi.fi\/wp\/product\/putkiharjan-muovikahva-w1-2-sisakierteella\/\">Muovikahva W 1\/2&#8243; sis\u00e4kierteell\u00e4.<\/a><\/p>\n<p><strong>EI VARASTOITAVA TUOTE. KYSY HINTA JA SAATAVUUS.<\/strong><\/p>\n<p>Havainnekuvassa 25mm harja.<\/p>\n","protected":false},"excerpt":{"rendered":"<p>Halkaisija 28mm. Kokonaispituus 150mm. Harjaosan pituus 100mm. Kiinnitys: ulkokierre W 1\/2&#8243;. Polyamidilanka (PA): Huolimatta alhaisesta l\u00e4mm\u00f6nkestosta, polyamidiharjat sopii erinomaisesti kaikkien metallien kevyt puhdistukseen. Pehme\u00e4 joustava harjas ei naarmuta putken sis\u00e4pintaa. Sopii my\u00f6s muoville ja puulle. Materiaali PA 6, PA 6.6, PA 6.12. Yhteensopivat varret ja lis\u00e4varusteet: Putkiharjan joustava varsi 1000mm W1\/2&#8243; sis\u00e4kierteell\u00e4 ja lenkkikahvalla Putkiharjan &hellip;<\/p>\n","protected":false},"featured_media":1077,"template":"","meta":[],"product_cat":[40,83,86],"product_tag":[],"jetpack_sharing_enabled":true,"_links":{"self":[{"href":"https:\/\/www.teraslvi.fi\/wp\/wp-json\/wp\/v2\/product\/2700"}],"collection":[{"href":"https:\/\/www.teraslvi.fi\/wp\/wp-json\/wp\/v2\/product"}],"about":[{"href":"https:\/\/www.teraslvi.fi\/wp\/wp-json\/wp\/v2\/types\/product"}],"wp:featuredmedia":[{"embeddable":true,"href":"https:\/\/www.teraslvi.fi\/wp\/wp-json\/wp\/v2\/media\/1077"}],"wp:attachment":[{"href":"https:\/\/www.teraslvi.fi\/wp\/wp-json\/wp\/v2\/media?parent=2700"}],"wp:term":[{"taxonomy":"product_cat","embeddable":true,"href":"https:\/\/www.teraslvi.fi\/wp\/wp-json\/wp\/v2\/product_cat?post=2700"},{"taxonomy":"product_tag","embeddable":true,"href":"https:\/\/www.teraslvi.fi\/wp\/wp-json\/wp\/v2\/product_tag?post=2700"}],"curies":[{"name":"wp","href":"https:\/\/api.w.org\/{rel}","templated":true}]}}