{"id":2694,"date":"2023-02-07T18:29:15","date_gmt":"2023-02-07T16:29:15","guid":{"rendered":"https:\/\/www.teraslvi.fi\/wp\/product\/putkiharja-polyamidi-16mm-ulkokierre-m6\/"},"modified":"2024-02-24T14:46:47","modified_gmt":"2024-02-24T12:46:47","slug":"putkiharja-polyamidi-16mm-ulkokierre-m6","status":"publish","type":"product","link":"https:\/\/www.teraslvi.fi\/wp\/product\/putkiharja-polyamidi-16mm-ulkokierre-m6\/","title":{"rendered":"PUTKIHARJA POLYAMIDI 16mm, ULKOKIERRE M6"},"content":{"rendered":"<p><span style=\"color: #000000;\">Halkaisija 16mm. Kokonaispituus 115mm. Harjaosan pituus 80mm. Kiinnitys: ulkokierre M6.<strong> Polyamidilanka (PA): <\/strong>Huolimatta alhaisesta l\u00e4mm\u00f6nkestosta, polyamidiharjat sopii erinomaisesti kaikkien metallien kevyt puhdistukseen. Pehme\u00e4 joustava harjas ei naarmuta putken sis\u00e4pintaa. Sopii my\u00f6s muoville ja puulle. Materiaali PA 6, PA 6.6, PA 6.12.<\/span><\/p>\n<p><strong>Yhteensopivat varret ja lis\u00e4varusteet:<\/strong><\/p>\n<p><a href=\"https:\/\/www.teraslvi.fi\/wp\/product\/putkiharjan-varsi-1000mm-sisakierre-m6-ja-kahva\/\">Putkiharjan varsi 1000mm M6 sis\u00e4kierteell\u00e4 ja lenkkikahvalla<\/a><\/p>\n<p><a href=\"https:\/\/www.teraslvi.fi\/wp\/product\/putkiharjan-varsi-1000mm-jatkovarsi-ulkokierre-m6-sisakierre-m6\/\">Putkiharjan jatkovarsi 1000mm M6 sis\u00e4- ja M6 ulkokierteell\u00e4 <\/a><\/p>\n<p><a href=\"https:\/\/www.teraslvi.fi\/wp\/product\/putkiharjan-varsi-200mm-jatkovarsi-ulkokierre-m6-sisakierre-m6\/\">Putkiharjan jatkovarsi 200mm M6 sis\u00e4- ja M6 ulkokierteell\u00e4<\/a><\/p>\n<p><a href=\"https:\/\/www.teraslvi.fi\/wp\/product\/putkiharjan-adapteri-m6-sisakierre-6mm-kara\/\">Putkiharjan adapteri: sis\u00e4kierre M6 &#8211; 6mm kiinnityskara<\/a><\/p>\n<p><a href=\"https:\/\/www.teraslvi.fi\/wp\/product\/putkiharjan-muovikahva-m6-sisakierteella\/\">Muovikahva M6 sis\u00e4kierteell\u00e4.<\/a><\/p>\n<p>&nbsp;<\/p>\n<p>Havainnekuvassa 25mm harja.<\/p>\n","protected":false},"excerpt":{"rendered":"<p>Halkaisija 16mm. Kokonaispituus 115mm. Harjaosan pituus 80mm. Kiinnitys: ulkokierre M6. Polyamidilanka (PA): Huolimatta alhaisesta l\u00e4mm\u00f6nkestosta, polyamidiharjat sopii erinomaisesti kaikkien metallien kevyt puhdistukseen. Pehme\u00e4 joustava harjas ei naarmuta putken sis\u00e4pintaa. Sopii my\u00f6s muoville ja puulle. Materiaali PA 6, PA 6.6, PA 6.12. Yhteensopivat varret ja lis\u00e4varusteet: Putkiharjan varsi 1000mm M6 sis\u00e4kierteell\u00e4 ja lenkkikahvalla Putkiharjan jatkovarsi 1000mm &hellip;<\/p>\n","protected":false},"featured_media":1077,"template":"","meta":[],"product_cat":[40,83,86],"product_tag":[],"jetpack_sharing_enabled":true,"_links":{"self":[{"href":"https:\/\/www.teraslvi.fi\/wp\/wp-json\/wp\/v2\/product\/2694"}],"collection":[{"href":"https:\/\/www.teraslvi.fi\/wp\/wp-json\/wp\/v2\/product"}],"about":[{"href":"https:\/\/www.teraslvi.fi\/wp\/wp-json\/wp\/v2\/types\/product"}],"wp:featuredmedia":[{"embeddable":true,"href":"https:\/\/www.teraslvi.fi\/wp\/wp-json\/wp\/v2\/media\/1077"}],"wp:attachment":[{"href":"https:\/\/www.teraslvi.fi\/wp\/wp-json\/wp\/v2\/media?parent=2694"}],"wp:term":[{"taxonomy":"product_cat","embeddable":true,"href":"https:\/\/www.teraslvi.fi\/wp\/wp-json\/wp\/v2\/product_cat?post=2694"},{"taxonomy":"product_tag","embeddable":true,"href":"https:\/\/www.teraslvi.fi\/wp\/wp-json\/wp\/v2\/product_tag?post=2694"}],"curies":[{"name":"wp","href":"https:\/\/api.w.org\/{rel}","templated":true}]}}