{"id":2176,"date":"2023-02-02T14:58:47","date_gmt":"2023-02-02T12:58:47","guid":{"rendered":"https:\/\/www.teraslvi.fi\/wp\/product\/hiomanailonpyoro-115x50mm-c600\/"},"modified":"2023-02-02T17:46:26","modified_gmt":"2023-02-02T15:46:26","slug":"hiomanailonpyoro-115x50mm-c600","status":"publish","type":"product","link":"https:\/\/www.teraslvi.fi\/wp\/product\/hiomanailonpyoro-115x50mm-c600\/","title":{"rendered":"HIOMANAILONPY\u00d6R\u00d6 115x50mm KARKEUS 600"},"content":{"rendered":"<p><strong>Metallipinnat: <\/strong>Matta- ja satiiniviimeistelyyn ruostumattomalle ter\u00e4kselle, sek\u00e4 ei-rautametalleille, kuten kupari ja messinki.<strong><br \/>\n<\/strong><\/p>\n<p><strong>Puupinnat: <\/strong>Eritt\u00e4in kevyt puhdistus ja siloitus (karkeus 600). Kokeile karkeuksia 60, 80 tai 180, mik\u00e4li haluat tehokkaampaa puhdistusta ja poistaa vanhaa maalia.<\/p>\n<p><strong>Karkeus 600.<\/strong> T\u00e4m\u00e4 tuote on erikoishieno ja yleens\u00e4 k\u00e4ytet\u00e4\u00e4n vain erityisiss\u00e4 viimeistelyt\u00f6iss\u00e4. Mik\u00e4li tarkoitus on muodostaa metallipinnoille selv\u00e4\u00e4 n\u00e4kyv\u00e4\u00e4 yhdensuuntaista harjausj\u00e4lke\u00e4, niin kokeile ensin karkeuksia 60, 80, 180 tai 280.<\/p>\n<p>Halkaisija 115mm. Leveys 50mm. Reik\u00e4 19mm, kiilaurat. Tuotteen v\u00e4ri musta (poikkeaa oheisesta tuotekuvasta). Valmistaja Gerd Eisenbl\u00e4tter GmbH<\/p>\n","protected":false},"excerpt":{"rendered":"<p>Metallipinnat: Matta- ja satiiniviimeistelyyn ruostumattomalle ter\u00e4kselle, sek\u00e4 ei-rautametalleille, kuten kupari ja messinki. Puupinnat: Eritt\u00e4in kevyt puhdistus ja siloitus (karkeus 600). Kokeile karkeuksia 60, 80 tai 180, mik\u00e4li haluat tehokkaampaa puhdistusta ja poistaa vanhaa maalia. Karkeus 600. T\u00e4m\u00e4 tuote on erikoishieno ja yleens\u00e4 k\u00e4ytet\u00e4\u00e4n vain erityisiss\u00e4 viimeistelyt\u00f6iss\u00e4. Mik\u00e4li tarkoitus on muodostaa metallipinnoille selv\u00e4\u00e4 n\u00e4kyv\u00e4\u00e4 yhdensuuntaista harjausj\u00e4lke\u00e4, &hellip;<\/p>\n","protected":false},"featured_media":2210,"template":"","meta":[],"product_cat":[26,56],"product_tag":[],"jetpack_sharing_enabled":true,"_links":{"self":[{"href":"https:\/\/www.teraslvi.fi\/wp\/wp-json\/wp\/v2\/product\/2176"}],"collection":[{"href":"https:\/\/www.teraslvi.fi\/wp\/wp-json\/wp\/v2\/product"}],"about":[{"href":"https:\/\/www.teraslvi.fi\/wp\/wp-json\/wp\/v2\/types\/product"}],"wp:featuredmedia":[{"embeddable":true,"href":"https:\/\/www.teraslvi.fi\/wp\/wp-json\/wp\/v2\/media\/2210"}],"wp:attachment":[{"href":"https:\/\/www.teraslvi.fi\/wp\/wp-json\/wp\/v2\/media?parent=2176"}],"wp:term":[{"taxonomy":"product_cat","embeddable":true,"href":"https:\/\/www.teraslvi.fi\/wp\/wp-json\/wp\/v2\/product_cat?post=2176"},{"taxonomy":"product_tag","embeddable":true,"href":"https:\/\/www.teraslvi.fi\/wp\/wp-json\/wp\/v2\/product_tag?post=2176"}],"curies":[{"name":"wp","href":"https:\/\/api.w.org\/{rel}","templated":true}]}}