{"id":2122,"date":"2023-02-01T13:22:32","date_gmt":"2023-02-01T11:22:32","guid":{"rendered":"https:\/\/www.teraslvi.fi\/wp\/product\/hiomapyoro-yhdistelma-115x100mm-karkeus-a80-a80\/"},"modified":"2023-02-01T14:29:42","modified_gmt":"2023-02-01T12:29:42","slug":"hiomapyoro-yhdistelma-115x100mm-karkeus-a80-a80","status":"publish","type":"product","link":"https:\/\/www.teraslvi.fi\/wp\/product\/hiomapyoro-yhdistelma-115x100mm-karkeus-a80-a80\/","title":{"rendered":"HIOMAPY\u00d6R\u00d6 YHDISTELM\u00c4 115x100mm KARKEUS 80"},"content":{"rendered":"<p><strong>Metalleille:<\/strong> matta- ja satiiniviimeistely. Poistaa pienet naarmut, kevyen ruosteen, oksidikerrokset, jne. <strong>Puulle:<\/strong> Pinnan siloitus, sek\u00e4 vanhan v\u00e4h\u00e4isen maalin ja lian poisto.<\/p>\n<p>Halkaisija 115mm. Leveys 100mm. Reik\u00e4 19mm, kiilaurat. Karkeus 80, hioma-aine korundi alumiinioksidi. Optimaalinen kierrosnopeus 1,000-2,000 RPM. Kierrosnopeus enint\u00e4\u00e4n 5,000 RPM. Valmistaja Gerd Eisenbl\u00e4tter GmbH.<\/p>\n","protected":false},"excerpt":{"rendered":"<p>Metalleille: matta- ja satiiniviimeistely. Poistaa pienet naarmut, kevyen ruosteen, oksidikerrokset, jne. Puulle: Pinnan siloitus, sek\u00e4 vanhan v\u00e4h\u00e4isen maalin ja lian poisto. Halkaisija 115mm. Leveys 100mm. Reik\u00e4 19mm, kiilaurat. Karkeus 80, hioma-aine korundi alumiinioksidi. Optimaalinen kierrosnopeus 1,000-2,000 RPM. Kierrosnopeus enint\u00e4\u00e4n 5,000 RPM. Valmistaja Gerd Eisenbl\u00e4tter GmbH.<\/p>\n","protected":false},"featured_media":2113,"template":"","meta":[],"product_cat":[26,48],"product_tag":[],"jetpack_sharing_enabled":true,"_links":{"self":[{"href":"https:\/\/www.teraslvi.fi\/wp\/wp-json\/wp\/v2\/product\/2122"}],"collection":[{"href":"https:\/\/www.teraslvi.fi\/wp\/wp-json\/wp\/v2\/product"}],"about":[{"href":"https:\/\/www.teraslvi.fi\/wp\/wp-json\/wp\/v2\/types\/product"}],"wp:featuredmedia":[{"embeddable":true,"href":"https:\/\/www.teraslvi.fi\/wp\/wp-json\/wp\/v2\/media\/2113"}],"wp:attachment":[{"href":"https:\/\/www.teraslvi.fi\/wp\/wp-json\/wp\/v2\/media?parent=2122"}],"wp:term":[{"taxonomy":"product_cat","embeddable":true,"href":"https:\/\/www.teraslvi.fi\/wp\/wp-json\/wp\/v2\/product_cat?post=2122"},{"taxonomy":"product_tag","embeddable":true,"href":"https:\/\/www.teraslvi.fi\/wp\/wp-json\/wp\/v2\/product_tag?post=2122"}],"curies":[{"name":"wp","href":"https:\/\/api.w.org\/{rel}","templated":true}]}}