{"id":2094,"date":"2023-01-31T19:06:08","date_gmt":"2023-01-31T17:06:08","guid":{"rendered":"https:\/\/www.teraslvi.fi\/wp\/?post_type=product&#038;p=2094"},"modified":"2024-02-27T18:21:48","modified_gmt":"2024-02-27T16:21:48","slug":"poly-ptx-ilmataytteinen-kumipyoro-90x100mm","status":"publish","type":"product","link":"https:\/\/www.teraslvi.fi\/wp\/product\/poly-ptx-ilmataytteinen-kumipyoro-90x100mm\/","title":{"rendered":"POLY-PTX ILMAT\u00c4YTTEINEN KUMIPY\u00d6R\u00d6 90X100mm"},"content":{"rendered":"<p>POLY-PTX Hioma- ja kiillotusholkeille yhteensopiva ilmat\u00e4ytteinen laajeneva kumipy\u00f6r\u00f6. Kovuutta voidaan s\u00e4\u00e4t\u00e4\u00e4 ilmanpaineella. Halkaisija 90mm. Leveys 100mm. Kierrosnopeus enint\u00e4\u00e4n 5,000 RPM. Autoventiilli (ks. kuva). Voidaan k\u00e4ytt\u00e4\u00e4 my\u00f6s &#8221;polkupy\u00f6r\u00e4pumppua&#8221; (adapteri mukana). Metallirunko. Gerd Eisenbl\u00e4tter GmbH.<\/p>\n<p>K\u00e4ytet\u00e4\u00e4n 100mm leveiden hioma- ja kiillotusholkkien kanssa. Ei tarvitse v\u00e4liholkkeja. Kiristyy suoraan akselille.<\/p>\n","protected":false},"excerpt":{"rendered":"<p>POLY-PTX Hioma- ja kiillotusholkeille yhteensopiva ilmat\u00e4ytteinen laajeneva kumipy\u00f6r\u00f6. Kovuutta voidaan s\u00e4\u00e4t\u00e4\u00e4 ilmanpaineella. Halkaisija 90mm. Leveys 100mm. Kierrosnopeus enint\u00e4\u00e4n 5,000 RPM. Autoventiilli (ks. kuva). Voidaan k\u00e4ytt\u00e4\u00e4 my\u00f6s &#8221;polkupy\u00f6r\u00e4pumppua&#8221; (adapteri mukana). Metallirunko. Gerd Eisenbl\u00e4tter GmbH. K\u00e4ytet\u00e4\u00e4n 100mm leveiden hioma- ja kiillotusholkkien kanssa. Ei tarvitse v\u00e4liholkkeja. Kiristyy suoraan akselille.<\/p>\n","protected":false},"featured_media":2095,"template":"","meta":[],"product_cat":[26,46],"product_tag":[],"jetpack_sharing_enabled":true,"_links":{"self":[{"href":"https:\/\/www.teraslvi.fi\/wp\/wp-json\/wp\/v2\/product\/2094"}],"collection":[{"href":"https:\/\/www.teraslvi.fi\/wp\/wp-json\/wp\/v2\/product"}],"about":[{"href":"https:\/\/www.teraslvi.fi\/wp\/wp-json\/wp\/v2\/types\/product"}],"wp:featuredmedia":[{"embeddable":true,"href":"https:\/\/www.teraslvi.fi\/wp\/wp-json\/wp\/v2\/media\/2095"}],"wp:attachment":[{"href":"https:\/\/www.teraslvi.fi\/wp\/wp-json\/wp\/v2\/media?parent=2094"}],"wp:term":[{"taxonomy":"product_cat","embeddable":true,"href":"https:\/\/www.teraslvi.fi\/wp\/wp-json\/wp\/v2\/product_cat?post=2094"},{"taxonomy":"product_tag","embeddable":true,"href":"https:\/\/www.teraslvi.fi\/wp\/wp-json\/wp\/v2\/product_tag?post=2094"}],"curies":[{"name":"wp","href":"https:\/\/api.w.org\/{rel}","templated":true}]}}