{"id":1997,"date":"2023-01-30T18:50:03","date_gmt":"2023-01-30T16:50:03","guid":{"rendered":"https:\/\/www.teraslvi.fi\/wp\/product\/90x50mm-hiomaholkki-1200-a16-trizact\/"},"modified":"2024-02-27T18:21:52","modified_gmt":"2024-02-27T16:21:52","slug":"90x50mm-hiomaholkki-1200-a16-trizact","status":"publish","type":"product","link":"https:\/\/www.teraslvi.fi\/wp\/product\/90x50mm-hiomaholkki-1200-a16-trizact\/","title":{"rendered":"HIOMAHOLKKI TRIZACT\u2122 90x50mm KARKEUS 1200\/A16"},"content":{"rendered":"<p>Trizact\u2122 hiomakangas tehokkaaseen ja tasalaatuiseen hiontaan. <strong>Ter\u00e4kselle ja ruostumattomalle ter\u00e4kselle<\/strong>. Poistaa tehokkaasti naarmut, pienet hitsisaumat, sek\u00e4 pistehitsin. J\u00e4tt\u00e4\u00e4 hyvin v\u00e4h\u00e4n karheutta k\u00e4sitelt\u00e4v\u00e4\u00e4n pintaan verrattuna muihin materiaaleihin. Suositellaan erityisesti ensimm\u00e4isen\u00e4 ty\u00f6vaiheena, mik\u00e4li lopullinen tavoite on peilikiillotettu pinta.<\/p>\n<p><strong>Halkaisija 90mm. Leveys 50mm. Karkeus 1200 ( Trizact\u2122 A16 ).<\/strong><\/p>\n<p><strong>Hiomaholkkia k\u00e4ytet\u00e4\u00e4n 50mm leve\u00e4n laajenevan POLY-PTX kumipy\u00f6r\u00f6n p\u00e4\u00e4ll\u00e4, sek\u00e4 v\u00e4liholkkien kanssa.<\/strong><\/p>\n<p>Katso my\u00f6s muut Trizact\u2122 tuotteet ( karkeudet 120 &#8211; 2000 ).<\/p>\n<p>Hinta kpl, paketissa 10 kpl.<\/p>\n<p>&nbsp;<\/p>\n","protected":false},"excerpt":{"rendered":"<p>Trizact\u2122 hiomakangas tehokkaaseen ja tasalaatuiseen hiontaan. Ter\u00e4kselle ja ruostumattomalle ter\u00e4kselle. Poistaa tehokkaasti naarmut, pienet hitsisaumat, sek\u00e4 pistehitsin. J\u00e4tt\u00e4\u00e4 hyvin v\u00e4h\u00e4n karheutta k\u00e4sitelt\u00e4v\u00e4\u00e4n pintaan verrattuna muihin materiaaleihin. Suositellaan erityisesti ensimm\u00e4isen\u00e4 ty\u00f6vaiheena, mik\u00e4li lopullinen tavoite on peilikiillotettu pinta. Halkaisija 90mm. Leveys 50mm. Karkeus 1200 ( Trizact\u2122 A16 ). Hiomaholkkia k\u00e4ytet\u00e4\u00e4n 50mm leve\u00e4n laajenevan POLY-PTX kumipy\u00f6r\u00f6n p\u00e4\u00e4ll\u00e4, sek\u00e4 &hellip;<\/p>\n","protected":false},"featured_media":1958,"template":"","meta":[],"product_cat":[26,34],"product_tag":[],"jetpack_sharing_enabled":true,"_links":{"self":[{"href":"https:\/\/www.teraslvi.fi\/wp\/wp-json\/wp\/v2\/product\/1997"}],"collection":[{"href":"https:\/\/www.teraslvi.fi\/wp\/wp-json\/wp\/v2\/product"}],"about":[{"href":"https:\/\/www.teraslvi.fi\/wp\/wp-json\/wp\/v2\/types\/product"}],"wp:featuredmedia":[{"embeddable":true,"href":"https:\/\/www.teraslvi.fi\/wp\/wp-json\/wp\/v2\/media\/1958"}],"wp:attachment":[{"href":"https:\/\/www.teraslvi.fi\/wp\/wp-json\/wp\/v2\/media?parent=1997"}],"wp:term":[{"taxonomy":"product_cat","embeddable":true,"href":"https:\/\/www.teraslvi.fi\/wp\/wp-json\/wp\/v2\/product_cat?post=1997"},{"taxonomy":"product_tag","embeddable":true,"href":"https:\/\/www.teraslvi.fi\/wp\/wp-json\/wp\/v2\/product_tag?post=1997"}],"curies":[{"name":"wp","href":"https:\/\/api.w.org\/{rel}","templated":true}]}}