{"id":1866,"date":"2023-01-29T19:22:14","date_gmt":"2023-01-29T17:22:14","guid":{"rendered":"https:\/\/www.teraslvi.fi\/wp\/product\/100x50x191-a80-lamellipyoro-hiomakangas\/"},"modified":"2023-01-30T10:37:04","modified_gmt":"2023-01-30T08:37:04","slug":"100x50x191-a80-lamellipyoro-hiomakangas","status":"publish","type":"product","link":"https:\/\/www.teraslvi.fi\/wp\/product\/100x50x191-a80-lamellipyoro-hiomakangas\/","title":{"rendered":"HIOMAKANGAS LAMELLIPY\u00d6R\u00d6 105x50mm A80, 1 KPL"},"content":{"rendered":"<p>Lamellipy\u00f6r\u00f6 hiomakangasliuskilla ruosteen, oksidikerrosten, sek\u00e4 pienten ja keskikokoisten naarmujen hiontaan. My\u00f6s ohuen maalikerroksen poisto. <\/p>\n<p>Sopii <strong>kaikille metalleille ja puulle<\/strong>. Hioma-aineena korkealaatuinen korundi sidottuna elastisiin kangasliuskiin. <strong>Karkeus 80. Halkaisija 105mm. Leveys 50mm.<\/strong> Reik\u00e4 19mm, kiilaurat. T\u00e4rin\u00e4vaimenettu keski\u00f6 nelj\u00e4ll\u00e4 kiilauralla (mallisuojattu). Optimaalinen kierrosnopeus 1,000-2,000 RPM. Kierrosnopeus enint\u00e4\u00e4n 5,000 RPM. Valmistaja: Gerd Eisenbl\u00e4tter GmbH<\/p>\n","protected":false},"excerpt":{"rendered":"<p>Lamellipy\u00f6r\u00f6 hiomakangasliuskilla ruosteen, oksidikerrosten, sek\u00e4 pienten ja keskikokoisten naarmujen hiontaan. My\u00f6s ohuen maalikerroksen poisto. Sopii kaikille metalleille ja puulle. Hioma-aineena korkealaatuinen korundi sidottuna elastisiin kangasliuskiin. Karkeus 80. Halkaisija 105mm. Leveys 50mm. Reik\u00e4 19mm, kiilaurat. T\u00e4rin\u00e4vaimenettu keski\u00f6 nelj\u00e4ll\u00e4 kiilauralla (mallisuojattu). Optimaalinen kierrosnopeus 1,000-2,000 RPM. Kierrosnopeus enint\u00e4\u00e4n 5,000 RPM. Valmistaja: Gerd Eisenbl\u00e4tter GmbH<\/p>\n","protected":false},"featured_media":1897,"template":"","meta":[],"product_cat":[26,30],"product_tag":[],"jetpack_sharing_enabled":true,"_links":{"self":[{"href":"https:\/\/www.teraslvi.fi\/wp\/wp-json\/wp\/v2\/product\/1866"}],"collection":[{"href":"https:\/\/www.teraslvi.fi\/wp\/wp-json\/wp\/v2\/product"}],"about":[{"href":"https:\/\/www.teraslvi.fi\/wp\/wp-json\/wp\/v2\/types\/product"}],"wp:featuredmedia":[{"embeddable":true,"href":"https:\/\/www.teraslvi.fi\/wp\/wp-json\/wp\/v2\/media\/1897"}],"wp:attachment":[{"href":"https:\/\/www.teraslvi.fi\/wp\/wp-json\/wp\/v2\/media?parent=1866"}],"wp:term":[{"taxonomy":"product_cat","embeddable":true,"href":"https:\/\/www.teraslvi.fi\/wp\/wp-json\/wp\/v2\/product_cat?post=1866"},{"taxonomy":"product_tag","embeddable":true,"href":"https:\/\/www.teraslvi.fi\/wp\/wp-json\/wp\/v2\/product_tag?post=1866"}],"curies":[{"name":"wp","href":"https:\/\/api.w.org\/{rel}","templated":true}]}}