{"id":4003,"date":"2024-02-07T12:00:02","date_gmt":"2024-02-07T10:00:02","guid":{"rendered":"https:\/\/www.teraslvi.fi\/wp\/?page_id=382"},"modified":"2024-03-24T18:38:02","modified_gmt":"2024-03-24T16:38:02","slug":"putkiharjat_kartio","status":"publish","type":"page","link":"https:\/\/www.teraslvi.fi\/wp\/harjat_tuoteryh\/02-putkiharjat\/putkiharjat_kartio\/","title":{"rendered":"Putkiharjat &#8211; kartio"},"content":{"rendered":"<section id=\"builder-section-banner_127\" class=\"builder-section-first builder-section builder-section-banner builder-section-next-banner\" style=\"background-size: cover; background-repeat: no-repeat;background-position: center center;\">\n<div class=\"builder-section-content\">\n<div class=\"builder-banner-slide content-position-none\" style=\"background-color:#6793bf;\">\n<div class=\"builder-banner-content\">\n<div class=\"builder-banner-inner-content\">\n<h6>Putkiharjat &#8211; kartio, kaksoisspiraali<\/h6>\n<\/p><\/div>\n<\/p><\/div>\n<div class=\"builder-banner-overlay\"><\/div>\n<\/p><\/div>\n<\/p><\/div>\n<\/section>\n<section id=\"builder-section-banner_171\" class=\"builder-section-prev-banner builder-section builder-section-banner builder-section-next-productgrid\" style=\"background-repeat: repeat;background-position: center top;\">\n<div class=\"builder-section-content\">\n<div class=\"builder-banner-slide content-position-none\" style=\"\">\n<div class=\"builder-banner-content\">\n<div class=\"builder-banner-inner-content\">\n<p><span style=\"color: #000000;\">Sis\u00e4-kartioharja ter\u00e4slangalla. Konek\u00e4ytt\u00f6\u00f6n. Tihe\u00e4 kaksoisspiraali-harjas. Varsi kierretty kuvan mukaisesti. K\u00e4ytet\u00e4\u00e4n esimerkiksi sis\u00e4kierteiden puhdistukseen sinkityksen j\u00e4lkeen. Mangaanilla seostettu ter\u00e4slanka; korkea vetolujuus. Valmistaja, valmistusmaa: Lessmann GmbH, Saksa.<br \/><\/span><\/p>\n<\/p><\/div>\n<\/p><\/div>\n<\/p><\/div>\n<\/p><\/div>\n<\/section>\n<section id=\"builder-section-productgrid_142\" class=\"builder-section-prev-banner builder-section builder-section-productgrid builder-section-next-banner -mode\" style=\"background-size: cover; background-repeat: no-repeat;background-position: center center;\">\n<div class=\"builder-section-content\">\n\t\t\t\t<div class=\"woocommerce container columns-3\"><ul class=\"products\"><li class=\"product type-product post-3992 status-publish first instock product_cat-harjat product_cat-putkiharjat-kartio taxable shipping-taxable product-type-simple\">\n\t<a href=\"https:\/\/www.teraslvi.fi\/wp\/product\/sisa-kartioharja-10-20-x-170-x-100-teraslanka\/\" class=\"woocommerce-LoopProduct-link woocommerce-loop-product__link\"><img loading=\"lazy\" decoding=\"async\" width=\"960\" height=\"960\" src=\"https:\/\/www.teraslvi.fi\/wp\/wp-content\/uploads\/woocommerce-placeholder-1024x1024.png\" class=\"woocommerce-placeholder wp-post-image\" alt=\"Paikanvaraus\" srcset=\"https:\/\/www.teraslvi.fi\/wp\/wp-content\/uploads\/woocommerce-placeholder-1024x1024.png 1024w, https:\/\/www.teraslvi.fi\/wp\/wp-content\/uploads\/woocommerce-placeholder-300x300.png 300w, https:\/\/www.teraslvi.fi\/wp\/wp-content\/uploads\/woocommerce-placeholder-100x100.png 100w, https:\/\/www.teraslvi.fi\/wp\/wp-content\/uploads\/woocommerce-placeholder-600x600.png 600w, https:\/\/www.teraslvi.fi\/wp\/wp-content\/uploads\/woocommerce-placeholder-150x150.png 150w, https:\/\/www.teraslvi.fi\/wp\/wp-content\/uploads\/woocommerce-placeholder-768x768.png 768w, https:\/\/www.teraslvi.fi\/wp\/wp-content\/uploads\/woocommerce-placeholder.png 1200w\" sizes=\"(max-width: 960px) 100vw, 960px\" \/><h2 class=\"woocommerce-loop-product__title\">SIS\u00c4-KARTIOHARJA 10\/20 X 170 X 100 TER\u00c4SLANKA<\/h2>\n\t<span class=\"price\"><span class=\"woocommerce-Price-amount amount\"><bdi>16,85&nbsp;<span class=\"woocommerce-Price-currencySymbol\">&euro;<\/span><\/bdi><\/span> <small class=\"woocommerce-price-suffix\">Hinta on ilman arvonlis\u00e4veroa<\/small><\/span>\n<p class=\"stock in-stock in_stock_color woo-custom-stock-status\">Varastossa<\/p><\/a>        <div class=\"quote-form\">         <!-- Button trigger modal -->\r\n                        <button type=\"button\" class=\"button wdm_enquiry\" id=\"wdm-quoteup-trigger-3992\"  data-toggle=\"wdm-quoteup-modal\" data-target=\"#wdm-quoteup-modal\"\r\n                >\r\n                L\u00e4het\u00e4 tuotteesta kysely. Lis\u00e4\u00e4 tuotelistalle t\u00e4st\u00e4.                <\/button>\r\n                        <input type='hidden' name='author_email' id='author_email' value='harri.heiskanen@teraslvi.fi'>\r\n        <input type='hidden' name='wdmLocale' id='wdmLocale' value='fi'>\r\n                <\/div><!--\/contact form or btn-->\r\n                <\/li>\n<li class=\"product type-product post-3993 status-publish instock product_cat-harjat product_cat-putkiharjat-kartio taxable shipping-taxable product-type-simple\">\n\t<a href=\"https:\/\/www.teraslvi.fi\/wp\/product\/sisa-kartioharja-15-25-x-170-x-100-teraslanka\/\" class=\"woocommerce-LoopProduct-link woocommerce-loop-product__link\"><img loading=\"lazy\" decoding=\"async\" width=\"960\" height=\"960\" src=\"https:\/\/www.teraslvi.fi\/wp\/wp-content\/uploads\/woocommerce-placeholder-1024x1024.png\" class=\"woocommerce-placeholder wp-post-image\" alt=\"Paikanvaraus\" srcset=\"https:\/\/www.teraslvi.fi\/wp\/wp-content\/uploads\/woocommerce-placeholder-1024x1024.png 1024w, https:\/\/www.teraslvi.fi\/wp\/wp-content\/uploads\/woocommerce-placeholder-300x300.png 300w, https:\/\/www.teraslvi.fi\/wp\/wp-content\/uploads\/woocommerce-placeholder-100x100.png 100w, https:\/\/www.teraslvi.fi\/wp\/wp-content\/uploads\/woocommerce-placeholder-600x600.png 600w, https:\/\/www.teraslvi.fi\/wp\/wp-content\/uploads\/woocommerce-placeholder-150x150.png 150w, https:\/\/www.teraslvi.fi\/wp\/wp-content\/uploads\/woocommerce-placeholder-768x768.png 768w, https:\/\/www.teraslvi.fi\/wp\/wp-content\/uploads\/woocommerce-placeholder.png 1200w\" sizes=\"(max-width: 960px) 100vw, 960px\" \/><h2 class=\"woocommerce-loop-product__title\">SIS\u00c4-KARTIOHARJA 15\/25 X 170 X 100 TER\u00c4SLANKA<\/h2>\n\t<span class=\"price\"><span class=\"woocommerce-Price-amount amount\"><bdi>16,85&nbsp;<span class=\"woocommerce-Price-currencySymbol\">&euro;<\/span><\/bdi><\/span> <small class=\"woocommerce-price-suffix\">Hinta on ilman arvonlis\u00e4veroa<\/small><\/span>\n<p class=\"stock in-stock in_stock_color woo-custom-stock-status\">Varastossa<\/p><\/a>        <div class=\"quote-form\">         <!-- Button trigger modal -->\r\n                        <button type=\"button\" class=\"button wdm_enquiry\" id=\"wdm-quoteup-trigger-3993\"  data-toggle=\"wdm-quoteup-modal\" data-target=\"#wdm-quoteup-modal\"\r\n                >\r\n                L\u00e4het\u00e4 tuotteesta kysely. Lis\u00e4\u00e4 tuotelistalle t\u00e4st\u00e4.                <\/button>\r\n                        <input type='hidden' name='author_email' id='author_email' value='harri.heiskanen@teraslvi.fi'>\r\n        <input type='hidden' name='wdmLocale' id='wdmLocale' value='fi'>\r\n                <\/div><!--\/contact form or btn-->\r\n                <\/li>\n<li class=\"product type-product post-3994 status-publish last instock product_cat-harjat product_cat-putkiharjat-kartio taxable shipping-taxable product-type-simple\">\n\t<a href=\"https:\/\/www.teraslvi.fi\/wp\/product\/sisa-kartioharja-20-30-x-170-x-100-teraslanka\/\" class=\"woocommerce-LoopProduct-link woocommerce-loop-product__link\"><img loading=\"lazy\" decoding=\"async\" width=\"960\" height=\"960\" src=\"https:\/\/www.teraslvi.fi\/wp\/wp-content\/uploads\/woocommerce-placeholder-1024x1024.png\" class=\"woocommerce-placeholder wp-post-image\" alt=\"Paikanvaraus\" srcset=\"https:\/\/www.teraslvi.fi\/wp\/wp-content\/uploads\/woocommerce-placeholder-1024x1024.png 1024w, https:\/\/www.teraslvi.fi\/wp\/wp-content\/uploads\/woocommerce-placeholder-300x300.png 300w, https:\/\/www.teraslvi.fi\/wp\/wp-content\/uploads\/woocommerce-placeholder-100x100.png 100w, https:\/\/www.teraslvi.fi\/wp\/wp-content\/uploads\/woocommerce-placeholder-600x600.png 600w, https:\/\/www.teraslvi.fi\/wp\/wp-content\/uploads\/woocommerce-placeholder-150x150.png 150w, https:\/\/www.teraslvi.fi\/wp\/wp-content\/uploads\/woocommerce-placeholder-768x768.png 768w, https:\/\/www.teraslvi.fi\/wp\/wp-content\/uploads\/woocommerce-placeholder.png 1200w\" sizes=\"(max-width: 960px) 100vw, 960px\" \/><h2 class=\"woocommerce-loop-product__title\">SIS\u00c4-KARTIOHARJA 20\/30 X 170 X 100 TER\u00c4SLANKA KAKSOISSPIRAALI<\/h2>\n\t<span class=\"price\"><span class=\"woocommerce-Price-amount amount\"><bdi>16,95&nbsp;<span class=\"woocommerce-Price-currencySymbol\">&euro;<\/span><\/bdi><\/span> <small class=\"woocommerce-price-suffix\">Hinta on ilman arvonlis\u00e4veroa<\/small><\/span>\n<p class=\"stock in-stock in_stock_color woo-custom-stock-status\">Varastossa<\/p><\/a>        <div class=\"quote-form\">         <!-- Button trigger modal -->\r\n                        <button type=\"button\" class=\"button wdm_enquiry\" id=\"wdm-quoteup-trigger-3994\"  data-toggle=\"wdm-quoteup-modal\" data-target=\"#wdm-quoteup-modal\"\r\n                >\r\n                L\u00e4het\u00e4 tuotteesta kysely. Lis\u00e4\u00e4 tuotelistalle t\u00e4st\u00e4.                <\/button>\r\n                        <input type='hidden' name='author_email' id='author_email' value='harri.heiskanen@teraslvi.fi'>\r\n        <input type='hidden' name='wdmLocale' id='wdmLocale' value='fi'>\r\n                <\/div><!--\/contact form or btn-->\r\n                <\/li>\n<li class=\"product type-product post-3995 status-publish first instock product_cat-harjat product_cat-putkiharjat-kartio taxable shipping-taxable product-type-simple\">\n\t<a href=\"https:\/\/www.teraslvi.fi\/wp\/product\/sisa-kartioharja-25-35-x-170-x-100-teraslanka\/\" class=\"woocommerce-LoopProduct-link woocommerce-loop-product__link\"><img loading=\"lazy\" decoding=\"async\" width=\"960\" height=\"960\" src=\"https:\/\/www.teraslvi.fi\/wp\/wp-content\/uploads\/woocommerce-placeholder-1024x1024.png\" class=\"woocommerce-placeholder wp-post-image\" alt=\"Paikanvaraus\" srcset=\"https:\/\/www.teraslvi.fi\/wp\/wp-content\/uploads\/woocommerce-placeholder-1024x1024.png 1024w, https:\/\/www.teraslvi.fi\/wp\/wp-content\/uploads\/woocommerce-placeholder-300x300.png 300w, https:\/\/www.teraslvi.fi\/wp\/wp-content\/uploads\/woocommerce-placeholder-100x100.png 100w, https:\/\/www.teraslvi.fi\/wp\/wp-content\/uploads\/woocommerce-placeholder-600x600.png 600w, https:\/\/www.teraslvi.fi\/wp\/wp-content\/uploads\/woocommerce-placeholder-150x150.png 150w, https:\/\/www.teraslvi.fi\/wp\/wp-content\/uploads\/woocommerce-placeholder-768x768.png 768w, https:\/\/www.teraslvi.fi\/wp\/wp-content\/uploads\/woocommerce-placeholder.png 1200w\" sizes=\"(max-width: 960px) 100vw, 960px\" \/><h2 class=\"woocommerce-loop-product__title\">SIS\u00c4-KARTIOHARJA 25\/35 X 170 X 100 TER\u00c4SLANKA KAKSOISSPIRAALI<\/h2>\n\t<span class=\"price\"><span class=\"woocommerce-Price-amount amount\"><bdi>16,95&nbsp;<span class=\"woocommerce-Price-currencySymbol\">&euro;<\/span><\/bdi><\/span> <small class=\"woocommerce-price-suffix\">Hinta on ilman arvonlis\u00e4veroa<\/small><\/span>\n<p class=\"stock in-stock in_stock_color woo-custom-stock-status\">Varastossa<\/p><\/a>        <div class=\"quote-form\">         <!-- Button trigger modal -->\r\n                        <button type=\"button\" class=\"button wdm_enquiry\" id=\"wdm-quoteup-trigger-3995\"  data-toggle=\"wdm-quoteup-modal\" data-target=\"#wdm-quoteup-modal\"\r\n                >\r\n                L\u00e4het\u00e4 tuotteesta kysely. Lis\u00e4\u00e4 tuotelistalle t\u00e4st\u00e4.                <\/button>\r\n                        <input type='hidden' name='author_email' id='author_email' value='harri.heiskanen@teraslvi.fi'>\r\n        <input type='hidden' name='wdmLocale' id='wdmLocale' value='fi'>\r\n                <\/div><!--\/contact form or btn-->\r\n                <\/li>\n<li class=\"product type-product post-3996 status-publish instock product_cat-harjat product_cat-putkiharjat-kartio taxable shipping-taxable product-type-simple\">\n\t<a href=\"https:\/\/www.teraslvi.fi\/wp\/product\/sisa-kartioharja-32-42-x-170-x-100-teraslanka\/\" class=\"woocommerce-LoopProduct-link woocommerce-loop-product__link\"><img loading=\"lazy\" decoding=\"async\" width=\"960\" height=\"960\" src=\"https:\/\/www.teraslvi.fi\/wp\/wp-content\/uploads\/woocommerce-placeholder-1024x1024.png\" class=\"woocommerce-placeholder wp-post-image\" alt=\"Paikanvaraus\" srcset=\"https:\/\/www.teraslvi.fi\/wp\/wp-content\/uploads\/woocommerce-placeholder-1024x1024.png 1024w, https:\/\/www.teraslvi.fi\/wp\/wp-content\/uploads\/woocommerce-placeholder-300x300.png 300w, https:\/\/www.teraslvi.fi\/wp\/wp-content\/uploads\/woocommerce-placeholder-100x100.png 100w, https:\/\/www.teraslvi.fi\/wp\/wp-content\/uploads\/woocommerce-placeholder-600x600.png 600w, https:\/\/www.teraslvi.fi\/wp\/wp-content\/uploads\/woocommerce-placeholder-150x150.png 150w, https:\/\/www.teraslvi.fi\/wp\/wp-content\/uploads\/woocommerce-placeholder-768x768.png 768w, https:\/\/www.teraslvi.fi\/wp\/wp-content\/uploads\/woocommerce-placeholder.png 1200w\" sizes=\"(max-width: 960px) 100vw, 960px\" \/><h2 class=\"woocommerce-loop-product__title\">SIS\u00c4-KARTIOHARJA 32\/42 X 170 X 100 TER\u00c4SLANKA KAKSOISSPIRAALI<\/h2>\n\t<span class=\"price\"><span class=\"woocommerce-Price-amount amount\"><bdi>17,10&nbsp;<span class=\"woocommerce-Price-currencySymbol\">&euro;<\/span><\/bdi><\/span> <small class=\"woocommerce-price-suffix\">Hinta on ilman arvonlis\u00e4veroa<\/small><\/span>\n<p class=\"stock in-stock in_stock_color woo-custom-stock-status\">Varastossa<\/p><\/a>        <div class=\"quote-form\">         <!-- Button trigger modal -->\r\n                        <button type=\"button\" class=\"button wdm_enquiry\" id=\"wdm-quoteup-trigger-3996\"  data-toggle=\"wdm-quoteup-modal\" data-target=\"#wdm-quoteup-modal\"\r\n                >\r\n                L\u00e4het\u00e4 tuotteesta kysely. Lis\u00e4\u00e4 tuotelistalle t\u00e4st\u00e4.                <\/button>\r\n                        <input type='hidden' name='author_email' id='author_email' value='harri.heiskanen@teraslvi.fi'>\r\n        <input type='hidden' name='wdmLocale' id='wdmLocale' value='fi'>\r\n                <\/div><!--\/contact form or btn-->\r\n                <\/li>\n<li class=\"product type-product post-3998 status-publish last instock product_cat-harjat product_cat-putkiharjat-kartio taxable shipping-taxable product-type-simple\">\n\t<a href=\"https:\/\/www.teraslvi.fi\/wp\/product\/sisa-kartioharja-38-70-x-170-x-100-teraslanka\/\" class=\"woocommerce-LoopProduct-link woocommerce-loop-product__link\"><img loading=\"lazy\" decoding=\"async\" width=\"960\" height=\"960\" src=\"https:\/\/www.teraslvi.fi\/wp\/wp-content\/uploads\/woocommerce-placeholder-1024x1024.png\" class=\"woocommerce-placeholder wp-post-image\" alt=\"Paikanvaraus\" srcset=\"https:\/\/www.teraslvi.fi\/wp\/wp-content\/uploads\/woocommerce-placeholder-1024x1024.png 1024w, https:\/\/www.teraslvi.fi\/wp\/wp-content\/uploads\/woocommerce-placeholder-300x300.png 300w, https:\/\/www.teraslvi.fi\/wp\/wp-content\/uploads\/woocommerce-placeholder-100x100.png 100w, https:\/\/www.teraslvi.fi\/wp\/wp-content\/uploads\/woocommerce-placeholder-600x600.png 600w, https:\/\/www.teraslvi.fi\/wp\/wp-content\/uploads\/woocommerce-placeholder-150x150.png 150w, https:\/\/www.teraslvi.fi\/wp\/wp-content\/uploads\/woocommerce-placeholder-768x768.png 768w, https:\/\/www.teraslvi.fi\/wp\/wp-content\/uploads\/woocommerce-placeholder.png 1200w\" sizes=\"(max-width: 960px) 100vw, 960px\" \/><h2 class=\"woocommerce-loop-product__title\">SIS\u00c4-KARTIOHARJA 38\/70 X 170 X 100 TER\u00c4SLANKA KAKSOISSPIRAALI<\/h2>\n\t<span class=\"price\"><span class=\"woocommerce-Price-amount amount\"><bdi>17,90&nbsp;<span class=\"woocommerce-Price-currencySymbol\">&euro;<\/span><\/bdi><\/span> <small class=\"woocommerce-price-suffix\">Hinta on ilman arvonlis\u00e4veroa<\/small><\/span>\n<p class=\"stock in-stock in_stock_color woo-custom-stock-status\">Varastossa<\/p><\/a>        <div class=\"quote-form\">         <!-- Button trigger modal -->\r\n                        <button type=\"button\" class=\"button wdm_enquiry\" id=\"wdm-quoteup-trigger-3998\"  data-toggle=\"wdm-quoteup-modal\" data-target=\"#wdm-quoteup-modal\"\r\n                >\r\n                L\u00e4het\u00e4 tuotteesta kysely. Lis\u00e4\u00e4 tuotelistalle t\u00e4st\u00e4.                <\/button>\r\n                        <input type='hidden' name='author_email' id='author_email' value='harri.heiskanen@teraslvi.fi'>\r\n        <input type='hidden' name='wdmLocale' id='wdmLocale' value='fi'>\r\n                <\/div><!--\/contact form or btn-->\r\n                <\/li>\n<li class=\"product type-product post-3997 status-publish first instock product_cat-harjat product_cat-putkiharjat-kartio taxable shipping-taxable product-type-simple\">\n\t<a href=\"https:\/\/www.teraslvi.fi\/wp\/product\/sisa-kartioharja-40-50-x-170-x-100-teraslanka\/\" class=\"woocommerce-LoopProduct-link woocommerce-loop-product__link\"><img loading=\"lazy\" decoding=\"async\" width=\"960\" height=\"960\" src=\"https:\/\/www.teraslvi.fi\/wp\/wp-content\/uploads\/woocommerce-placeholder-1024x1024.png\" class=\"woocommerce-placeholder wp-post-image\" alt=\"Paikanvaraus\" srcset=\"https:\/\/www.teraslvi.fi\/wp\/wp-content\/uploads\/woocommerce-placeholder-1024x1024.png 1024w, https:\/\/www.teraslvi.fi\/wp\/wp-content\/uploads\/woocommerce-placeholder-300x300.png 300w, https:\/\/www.teraslvi.fi\/wp\/wp-content\/uploads\/woocommerce-placeholder-100x100.png 100w, https:\/\/www.teraslvi.fi\/wp\/wp-content\/uploads\/woocommerce-placeholder-600x600.png 600w, https:\/\/www.teraslvi.fi\/wp\/wp-content\/uploads\/woocommerce-placeholder-150x150.png 150w, https:\/\/www.teraslvi.fi\/wp\/wp-content\/uploads\/woocommerce-placeholder-768x768.png 768w, https:\/\/www.teraslvi.fi\/wp\/wp-content\/uploads\/woocommerce-placeholder.png 1200w\" sizes=\"(max-width: 960px) 100vw, 960px\" \/><h2 class=\"woocommerce-loop-product__title\">SIS\u00c4-KARTIOHARJA 40\/50 X 170 X 100 TER\u00c4SLANKA KAKSOISSPIRAALI<\/h2>\n\t<span class=\"price\"><span class=\"woocommerce-Price-amount amount\"><bdi>17,40&nbsp;<span class=\"woocommerce-Price-currencySymbol\">&euro;<\/span><\/bdi><\/span> <small class=\"woocommerce-price-suffix\">Hinta on ilman arvonlis\u00e4veroa<\/small><\/span>\n<p class=\"stock in-stock in_stock_color woo-custom-stock-status\">Varastossa<\/p><\/a>        <div class=\"quote-form\">         <!-- Button trigger modal -->\r\n                        <button type=\"button\" class=\"button wdm_enquiry\" id=\"wdm-quoteup-trigger-3997\"  data-toggle=\"wdm-quoteup-modal\" data-target=\"#wdm-quoteup-modal\"\r\n                >\r\n                L\u00e4het\u00e4 tuotteesta kysely. Lis\u00e4\u00e4 tuotelistalle t\u00e4st\u00e4.                <\/button>\r\n                        <input type='hidden' name='author_email' id='author_email' value='harri.heiskanen@teraslvi.fi'>\r\n        <input type='hidden' name='wdmLocale' id='wdmLocale' value='fi'>\r\n                <\/div><!--\/contact form or btn-->\r\n                <\/li>\n<li class=\"product type-product post-3999 status-publish instock product_cat-harjat product_cat-putkiharjat-kartio taxable shipping-taxable product-type-simple\">\n\t<a href=\"https:\/\/www.teraslvi.fi\/wp\/product\/sisa-kartioharja-60-95-x-170-x-100-teraslanka\/\" class=\"woocommerce-LoopProduct-link woocommerce-loop-product__link\"><img loading=\"lazy\" decoding=\"async\" width=\"960\" height=\"960\" src=\"https:\/\/www.teraslvi.fi\/wp\/wp-content\/uploads\/woocommerce-placeholder-1024x1024.png\" class=\"woocommerce-placeholder wp-post-image\" alt=\"Paikanvaraus\" srcset=\"https:\/\/www.teraslvi.fi\/wp\/wp-content\/uploads\/woocommerce-placeholder-1024x1024.png 1024w, https:\/\/www.teraslvi.fi\/wp\/wp-content\/uploads\/woocommerce-placeholder-300x300.png 300w, https:\/\/www.teraslvi.fi\/wp\/wp-content\/uploads\/woocommerce-placeholder-100x100.png 100w, https:\/\/www.teraslvi.fi\/wp\/wp-content\/uploads\/woocommerce-placeholder-600x600.png 600w, https:\/\/www.teraslvi.fi\/wp\/wp-content\/uploads\/woocommerce-placeholder-150x150.png 150w, https:\/\/www.teraslvi.fi\/wp\/wp-content\/uploads\/woocommerce-placeholder-768x768.png 768w, https:\/\/www.teraslvi.fi\/wp\/wp-content\/uploads\/woocommerce-placeholder.png 1200w\" sizes=\"(max-width: 960px) 100vw, 960px\" \/><h2 class=\"woocommerce-loop-product__title\">SIS\u00c4-KARTIOHARJA 60\/95 X 170 X 100 TER\u00c4SLANKA KAKSOISSPIRAALI<\/h2>\n\t<span class=\"price\"><span class=\"woocommerce-Price-amount amount\"><bdi>18,90&nbsp;<span class=\"woocommerce-Price-currencySymbol\">&euro;<\/span><\/bdi><\/span> <small class=\"woocommerce-price-suffix\">Hinta on ilman arvonlis\u00e4veroa<\/small><\/span>\n<p class=\"stock in-stock in_stock_color woo-custom-stock-status\">Varastossa<\/p><\/a>        <div class=\"quote-form\">         <!-- Button trigger modal -->\r\n                        <button type=\"button\" class=\"button wdm_enquiry\" id=\"wdm-quoteup-trigger-3999\"  data-toggle=\"wdm-quoteup-modal\" data-target=\"#wdm-quoteup-modal\"\r\n                >\r\n                L\u00e4het\u00e4 tuotteesta kysely. Lis\u00e4\u00e4 tuotelistalle t\u00e4st\u00e4.                <\/button>\r\n                        <input type='hidden' name='author_email' id='author_email' value='harri.heiskanen@teraslvi.fi'>\r\n        <input type='hidden' name='wdmLocale' id='wdmLocale' value='fi'>\r\n                <\/div><!--\/contact form or btn-->\r\n                <\/li>\n<\/ul><\/div>\n\t\t\t<\/div>\n<\/section>\n<section id=\"builder-section-banner_141\" class=\"builder-section-prev-productgrid builder-section builder-section-banner builder-section-last\" style=\"background-size: cover; background-repeat: no-repeat;background-position: center center;\">\n<div class=\"builder-section-content\">\n<div class=\"builder-banner-slide content-position-none\" style=\"\">\n<div class=\"builder-banner-content\">\n<div class=\"builder-banner-inner-content\">\n<p><a href=\"https:\/\/www.teraslvi.fi\/wp\/harjat_tuoteryh\/\"><img loading=\"lazy\" decoding=\"async\" class=\"alignnone wp-image-570 size-full\" src=\"https:\/\/www.teraslvi.fi\/wp\/wp-content\/uploads\/2022\/04\/nav_vasen_sini_valk_100x100.gif\" alt=\"\" width=\"100\" height=\"100\" \/><\/a><\/p>\n<\/p><\/div>\n<\/p><\/div>\n<\/p><\/div>\n<\/p><\/div>\n<\/section>\n","protected":false},"excerpt":{"rendered":"<p>Putkiharjat &#8211; kartio, kaksoisspiraali Sis\u00e4-kartioharja ter\u00e4slangalla. Konek\u00e4ytt\u00f6\u00f6n. Tihe\u00e4 kaksoisspiraali-harjas. Varsi kierretty kuvan mukaisesti. K\u00e4ytet\u00e4\u00e4n esimerkiksi sis\u00e4kierteiden puhdistukseen sinkityksen j\u00e4lkeen. Mangaanilla seostettu ter\u00e4slanka; korkea vetolujuus. Valmistaja, valmistusmaa: Lessmann GmbH, Saksa.<\/p>\n","protected":false},"author":1,"featured_media":0,"parent":1064,"menu_order":0,"comment_status":"closed","ping_status":"closed","template":"template-builder.php","meta":{"footnotes":""},"jetpack_sharing_enabled":true,"_links":{"self":[{"href":"https:\/\/www.teraslvi.fi\/wp\/wp-json\/wp\/v2\/pages\/4003"}],"collection":[{"href":"https:\/\/www.teraslvi.fi\/wp\/wp-json\/wp\/v2\/pages"}],"about":[{"href":"https:\/\/www.teraslvi.fi\/wp\/wp-json\/wp\/v2\/types\/page"}],"author":[{"embeddable":true,"href":"https:\/\/www.teraslvi.fi\/wp\/wp-json\/wp\/v2\/users\/1"}],"replies":[{"embeddable":true,"href":"https:\/\/www.teraslvi.fi\/wp\/wp-json\/wp\/v2\/comments?post=4003"}],"version-history":[{"count":3,"href":"https:\/\/www.teraslvi.fi\/wp\/wp-json\/wp\/v2\/pages\/4003\/revisions"}],"predecessor-version":[{"id":4007,"href":"https:\/\/www.teraslvi.fi\/wp\/wp-json\/wp\/v2\/pages\/4003\/revisions\/4007"}],"up":[{"embeddable":true,"href":"https:\/\/www.teraslvi.fi\/wp\/wp-json\/wp\/v2\/pages\/1064"}],"wp:attachment":[{"href":"https:\/\/www.teraslvi.fi\/wp\/wp-json\/wp\/v2\/media?parent=4003"}],"curies":[{"name":"wp","href":"https:\/\/api.w.org\/{rel}","templated":true}]}}